{"id":5602,"date":"2018-05-28T13:14:39","date_gmt":"2018-05-28T13:14:39","guid":{"rendered":"http:\/\/dannci.wpmasters.org\/cultera\/?page_id=5602"},"modified":"2023-11-23T13:27:46","modified_gmt":"2023-11-23T13:27:46","slug":"teagmhail-contact","status":"publish","type":"page","link":"https:\/\/arasinisgluaire.ie\/main\/teagmhail-contact\/","title":{"rendered":"Teagmh\u00e1il \/ Contact"},"content":{"rendered":"\t\t<div data-elementor-type=\"wp-post\" data-elementor-id=\"5602\" class=\"elementor elementor-5602\">\n\t\t\t\t\t\t<section class=\"elementor-section elementor-top-section elementor-element elementor-element-b620b51 elementor-section-boxed elementor-section-height-default elementor-section-height-default\" data-id=\"b620b51\" data-element_type=\"section\" data-e-type=\"section\" data-settings=\"{&quot;background_background&quot;:&quot;classic&quot;}\">\n\t\t\t\t\t\t\t<div class=\"elementor-background-overlay\"><\/div>\n\t\t\t\t\t\t\t<div class=\"elementor-container elementor-column-gap-wide\">\n\t\t\t\t\t<div class=\"elementor-column elementor-col-100 elementor-top-column elementor-element elementor-element-6e055a0\" data-id=\"6e055a0\" data-element_type=\"column\" data-e-type=\"column\">\n\t\t\t<div class=\"elementor-widget-wrap elementor-element-populated\">\n\t\t\t\t\t\t<div class=\"elementor-element elementor-element-49e7009 elementor-widget elementor-widget-heading\" data-id=\"49e7009\" data-element_type=\"widget\" data-e-type=\"widget\" data-widget_type=\"heading.default\">\n\t\t\t\t<div class=\"elementor-widget-container\">\n\t\t\t\t\t<h1 class=\"elementor-heading-title elementor-size-xxl\">Contact us \/ D\u00e9an teagmh\u00e1il linn<\/h1>\t\t\t\t<\/div>\n\t\t\t\t<\/div>\n\t\t\t\t<section class=\"elementor-section elementor-inner-section elementor-element elementor-element-c15cbc4 elementor-section-boxed elementor-section-height-default elementor-section-height-default\" data-id=\"c15cbc4\" data-element_type=\"section\" data-e-type=\"section\">\n\t\t\t\t\t\t<div class=\"elementor-container elementor-column-gap-no\">\n\t\t\t\t\t<div class=\"elementor-column elementor-col-50 elementor-inner-column elementor-element elementor-element-b191eca\" data-id=\"b191eca\" data-element_type=\"column\" data-e-type=\"column\">\n\t\t\t<div class=\"elementor-widget-wrap elementor-element-populated\">\n\t\t\t\t\t\t\t<\/div>\n\t\t<\/div>\n\t\t\t\t<div class=\"elementor-column elementor-col-50 elementor-inner-column elementor-element elementor-element-c9000df\" data-id=\"c9000df\" data-element_type=\"column\" data-e-type=\"column\">\n\t\t\t<div class=\"elementor-widget-wrap\">\n\t\t\t\t\t\t\t<\/div>\n\t\t<\/div>\n\t\t\t\t\t<\/div>\n\t\t<\/section>\n\t\t\t\t\t<\/div>\n\t\t<\/div>\n\t\t\t\t\t<\/div>\n\t\t<\/section>\n\t\t\t\t<section class=\"elementor-section elementor-top-section elementor-element elementor-element-44611121 elementor-section-full_width elementor-section-height-default elementor-section-height-default\" data-id=\"44611121\" data-element_type=\"section\" data-e-type=\"section\">\n\t\t\t\t\t\t<div class=\"elementor-container elementor-column-gap-no\">\n\t\t\t\t\t<div class=\"elementor-column elementor-col-50 elementor-top-column elementor-element elementor-element-35b81870\" data-id=\"35b81870\" data-element_type=\"column\" data-e-type=\"column\">\n\t\t\t<div class=\"elementor-widget-wrap elementor-element-populated\">\n\t\t\t\t\t\t<section class=\"elementor-section elementor-inner-section elementor-element elementor-element-78e10eb6 elementor-section-boxed elementor-section-height-default elementor-section-height-default\" data-id=\"78e10eb6\" data-element_type=\"section\" data-e-type=\"section\">\n\t\t\t\t\t\t<div class=\"elementor-container elementor-column-gap-default\">\n\t\t\t\t\t<div class=\"elementor-column elementor-col-100 elementor-inner-column elementor-element elementor-element-32f415d1\" data-id=\"32f415d1\" data-element_type=\"column\" data-e-type=\"column\">\n\t\t\t<div class=\"elementor-widget-wrap elementor-element-populated\">\n\t\t\t\t\t\t<div class=\"elementor-element elementor-element-2619e1b elementor-widget elementor-widget-text-editor\" data-id=\"2619e1b\" data-element_type=\"widget\" data-e-type=\"widget\" data-widget_type=\"text-editor.default\">\n\t\t\t\t<div class=\"elementor-widget-container\">\n\t\t\t\t\t\t\t\t\t<h3>Failte go h\u00c1ras Inis Gluaire!<\/h3><p><strong>Sonra\u00ed teagmh\u00e1la \/ Contact details<\/strong>:<\/p><p><strong>Tel<\/strong>: 097 81079<br \/><strong>Intl<\/strong>: +353 97 81079<br \/><strong>Fiosr\u00fach\u00e1in \/ Enquiries<\/strong><br \/>Email: <a href=\"mailto:info@arasinisgluaire.ie\">info@arasinisgluaire.ie<\/a><\/p><hr \/><hr \/>\t\t\t\t\t\t\t\t<\/div>\n\t\t\t\t<\/div>\n\t\t\t\t\t<\/div>\n\t\t<\/div>\n\t\t\t\t\t<\/div>\n\t\t<\/section>\n\t\t\t\t<section class=\"elementor-section elementor-inner-section elementor-element elementor-element-ea35b20 elementor-section-boxed elementor-section-height-default elementor-section-height-default\" data-id=\"ea35b20\" data-element_type=\"section\" data-e-type=\"section\" data-settings=\"{&quot;background_background&quot;:&quot;classic&quot;}\">\n\t\t\t\t\t\t\t<div class=\"elementor-background-overlay\"><\/div>\n\t\t\t\t\t\t\t<div class=\"elementor-container elementor-column-gap-default\">\n\t\t\t\t\t<div class=\"elementor-column elementor-col-50 elementor-inner-column elementor-element elementor-element-8953441\" data-id=\"8953441\" data-element_type=\"column\" data-e-type=\"column\">\n\t\t\t<div class=\"elementor-widget-wrap elementor-element-populated\">\n\t\t\t\t\t\t<div class=\"elementor-element elementor-element-f02a47b elementor-widget elementor-widget-text-editor\" data-id=\"f02a47b\" data-element_type=\"widget\" data-e-type=\"widget\" data-widget_type=\"text-editor.default\">\n\t\t\t\t<div class=\"elementor-widget-container\">\n\t\t\t\t\t\t\t\t\t<p><strong>\u00c1ras Inis Gluaire<\/strong><br \/>B\u00e9al an Mhuirthead,<br \/>Co. Mhaigh Eo,<br \/>\u00c9ireann<br \/>F26 W5H0<\/p>\t\t\t\t\t\t\t\t<\/div>\n\t\t\t\t<\/div>\n\t\t\t\t\t<\/div>\n\t\t<\/div>\n\t\t\t\t<div class=\"elementor-column elementor-col-50 elementor-inner-column elementor-element elementor-element-e304d4b\" data-id=\"e304d4b\" data-element_type=\"column\" data-e-type=\"column\">\n\t\t\t<div class=\"elementor-widget-wrap elementor-element-populated\">\n\t\t\t\t\t\t<div class=\"elementor-element elementor-element-3efd133 elementor-widget elementor-widget-text-editor\" data-id=\"3efd133\" data-element_type=\"widget\" data-e-type=\"widget\" data-widget_type=\"text-editor.default\">\n\t\t\t\t<div class=\"elementor-widget-container\">\n\t\t\t\t\t\t\t\t\t<p><strong>\u00c1ras Inis Gluaire<\/strong><br \/>Belmullet,<br \/>Co. Mayo,<br \/>Ireland<br \/>F26 W5H0<\/p>\t\t\t\t\t\t\t\t<\/div>\n\t\t\t\t<\/div>\n\t\t\t\t\t<\/div>\n\t\t<\/div>\n\t\t\t\t\t<\/div>\n\t\t<\/section>\n\t\t\t\t\t<\/div>\n\t\t<\/div>\n\t\t\t\t<div class=\"elementor-column elementor-col-50 elementor-top-column elementor-element elementor-element-6840fefb\" data-id=\"6840fefb\" data-element_type=\"column\" data-e-type=\"column\">\n\t\t\t<div class=\"elementor-widget-wrap elementor-element-populated\">\n\t\t\t\t\t\t<div class=\"elementor-element elementor-element-7b22340b elementor-widget elementor-widget-html\" data-id=\"7b22340b\" data-element_type=\"widget\" data-e-type=\"widget\" data-widget_type=\"html.default\">\n\t\t\t\t<div class=\"elementor-widget-container\">\n\t\t\t\t\t<iframe src=\"https:\/\/www.google.com\/maps\/embed?pb=!1m14!1m8!1m3!1d9330.424009837134!2d-9.9889332!3d54.2224627!3m2!1i1024!2i768!4f13.1!3m3!1m2!1s0x0%3A0x42141752283e8994!2s%C3%81ras%20Inis%20Gluaire!5e0!3m2!1sen!2sie!4v1643375152831!5m2!1sen!2sie\" width=\"600\" height=\"450\" style=\"border:0;\" allowfullscreen=\"\" loading=\"lazy\"><\/iframe>\t\t\t\t<\/div>\n\t\t\t\t<\/div>\n\t\t\t\t\t<\/div>\n\t\t<\/div>\n\t\t\t\t\t<\/div>\n\t\t<\/section>\n\t\t\t\t<\/div>\n\t\t","protected":false},"excerpt":{"rendered":"<div class=\"tmnf_excerpt clearfix\"><p>Contact us \/ D\u00e9an teagmh\u00e1il linn Failte go h\u00c1ras Inis Gluaire! Sonra\u00ed teagmh\u00e1la \/ Contact details: Tel: 097 81079Intl: +353 97 81079Fiosr\u00fach\u00e1in \/ EnquiriesEmail: info@arasinisgluaire.ie \u00c1ras Inis GluaireB\u00e9al an Mhuirthead,Co. Mhaigh Eo,\u00c9ireannF26 W5H0 \u00c1ras Inis GluaireBelmullet,Co. Mayo,IrelandF26 W5H0<\/p>\n<\/div>","protected":false},"author":1,"featured_media":0,"parent":0,"menu_order":0,"comment_status":"closed","ping_status":"closed","template":"homepage.php","meta":{"footnotes":""},"class_list":["post-5602","page","type-page","status-publish","hentry"],"publishpress_future_action":{"enabled":false,"date":"2026-04-25 09:01:26","action":"change-status","newStatus":"draft","terms":[],"taxonomy":"","extraData":[]},"publishpress_future_workflow_manual_trigger":{"enabledWorkflows":[]},"_links":{"self":[{"href":"https:\/\/arasinisgluaire.ie\/main\/wp-json\/wp\/v2\/pages\/5602","targetHints":{"allow":["GET"]}}],"collection":[{"href":"https:\/\/arasinisgluaire.ie\/main\/wp-json\/wp\/v2\/pages"}],"about":[{"href":"https:\/\/arasinisgluaire.ie\/main\/wp-json\/wp\/v2\/types\/page"}],"author":[{"embeddable":true,"href":"https:\/\/arasinisgluaire.ie\/main\/wp-json\/wp\/v2\/users\/1"}],"replies":[{"embeddable":true,"href":"https:\/\/arasinisgluaire.ie\/main\/wp-json\/wp\/v2\/comments?post=5602"}],"version-history":[{"count":64,"href":"https:\/\/arasinisgluaire.ie\/main\/wp-json\/wp\/v2\/pages\/5602\/revisions"}],"predecessor-version":[{"id":8698,"href":"https:\/\/arasinisgluaire.ie\/main\/wp-json\/wp\/v2\/pages\/5602\/revisions\/8698"}],"wp:attachment":[{"href":"https:\/\/arasinisgluaire.ie\/main\/wp-json\/wp\/v2\/media?parent=5602"}],"curies":[{"name":"wp","href":"https:\/\/api.w.org\/{rel}","templated":true}]}}