{"id":7564,"date":"2022-02-23T13:17:01","date_gmt":"2022-02-23T13:17:01","guid":{"rendered":"http:\/\/westernwebmarketing.com\/mynewsite\/?page_id=7564"},"modified":"2023-09-01T15:09:01","modified_gmt":"2023-09-01T15:09:01","slug":"ranganna-ceardlanna-classes-and-workshops","status":"publish","type":"page","link":"https:\/\/arasinisgluaire.ie\/main\/ranganna-ceardlanna-classes-and-workshops\/","title":{"rendered":"Ranganna &#038; Ceardlanna \/ Classes and Workshops"},"content":{"rendered":"\t\t<div data-elementor-type=\"wp-post\" data-elementor-id=\"7564\" class=\"elementor elementor-7564\">\n\t\t\t\t\t\t<section class=\"elementor-section elementor-top-section elementor-element elementor-element-21c1263e elementor-section-boxed elementor-section-height-default elementor-section-height-default\" data-id=\"21c1263e\" data-element_type=\"section\" data-e-type=\"section\" data-settings=\"{&quot;background_background&quot;:&quot;classic&quot;}\">\n\t\t\t\t\t\t\t<div class=\"elementor-background-overlay\"><\/div>\n\t\t\t\t\t\t\t<div class=\"elementor-container elementor-column-gap-wide\">\n\t\t\t\t\t<div class=\"elementor-column elementor-col-100 elementor-top-column elementor-element elementor-element-1c8c0e46\" data-id=\"1c8c0e46\" data-element_type=\"column\" data-e-type=\"column\">\n\t\t\t<div class=\"elementor-widget-wrap elementor-element-populated\">\n\t\t\t\t\t\t<div class=\"elementor-element elementor-element-7a564f9b elementor-widget elementor-widget-heading\" data-id=\"7a564f9b\" data-element_type=\"widget\" data-e-type=\"widget\" data-widget_type=\"heading.default\">\n\t\t\t\t<div class=\"elementor-widget-container\">\n\t\t\t\t\t<h1 class=\"elementor-heading-title elementor-size-xxl\">Ranganna &amp; Ceardlanna \/ Classes &amp; Workshops<\/h1>\t\t\t\t<\/div>\n\t\t\t\t<\/div>\n\t\t\t\t<section class=\"elementor-section elementor-inner-section elementor-element elementor-element-3b737b3a elementor-section-boxed elementor-section-height-default elementor-section-height-default\" data-id=\"3b737b3a\" data-element_type=\"section\" data-e-type=\"section\">\n\t\t\t\t\t\t<div class=\"elementor-container elementor-column-gap-no\">\n\t\t\t\t\t<div class=\"elementor-column elementor-col-50 elementor-inner-column elementor-element elementor-element-59fec99f\" data-id=\"59fec99f\" data-element_type=\"column\" data-e-type=\"column\">\n\t\t\t<div class=\"elementor-widget-wrap elementor-element-populated\">\n\t\t\t\t\t\t\t<\/div>\n\t\t<\/div>\n\t\t\t\t<div class=\"elementor-column elementor-col-50 elementor-inner-column elementor-element elementor-element-1803d399\" data-id=\"1803d399\" data-element_type=\"column\" data-e-type=\"column\">\n\t\t\t<div class=\"elementor-widget-wrap\">\n\t\t\t\t\t\t\t<\/div>\n\t\t<\/div>\n\t\t\t\t\t<\/div>\n\t\t<\/section>\n\t\t\t\t\t<\/div>\n\t\t<\/div>\n\t\t\t\t\t<\/div>\n\t\t<\/section>\n\t\t\t\t<section class=\"elementor-section elementor-top-section elementor-element elementor-element-b765896 elementor-section-boxed elementor-section-height-default elementor-section-height-default\" data-id=\"b765896\" data-element_type=\"section\" data-e-type=\"section\">\n\t\t\t\t\t\t<div class=\"elementor-container elementor-column-gap-default\">\n\t\t\t\t\t<div class=\"elementor-column elementor-col-100 elementor-top-column elementor-element elementor-element-7c19d3e\" data-id=\"7c19d3e\" data-element_type=\"column\" data-e-type=\"column\">\n\t\t\t<div class=\"elementor-widget-wrap elementor-element-populated\">\n\t\t\t\t\t\t<div class=\"elementor-element elementor-element-5b082ee elementor-widget elementor-widget-spacer\" data-id=\"5b082ee\" data-element_type=\"widget\" data-e-type=\"widget\" data-widget_type=\"spacer.default\">\n\t\t\t\t<div class=\"elementor-widget-container\">\n\t\t\t\t\t\t\t<div class=\"elementor-spacer\">\n\t\t\t<div class=\"elementor-spacer-inner\"><\/div>\n\t\t<\/div>\n\t\t\t\t\t\t<\/div>\n\t\t\t\t<\/div>\n\t\t\t\t\t<\/div>\n\t\t<\/div>\n\t\t\t\t\t<\/div>\n\t\t<\/section>\n\t\t\t\t<section class=\"elementor-section elementor-top-section elementor-element elementor-element-368c78b elementor-section-boxed elementor-section-height-default elementor-section-height-default\" data-id=\"368c78b\" data-element_type=\"section\" data-e-type=\"section\">\n\t\t\t\t\t\t<div class=\"elementor-container elementor-column-gap-default\">\n\t\t\t\t\t<div class=\"elementor-column elementor-col-50 elementor-top-column elementor-element elementor-element-281dbb2\" data-id=\"281dbb2\" data-element_type=\"column\" data-e-type=\"column\">\n\t\t\t<div class=\"elementor-widget-wrap elementor-element-populated\">\n\t\t\t\t\t\t<div class=\"elementor-element elementor-element-1b76a09 elementor-widget__width-initial elementor-widget elementor-widget-text-editor\" data-id=\"1b76a09\" data-element_type=\"widget\" data-e-type=\"widget\" data-widget_type=\"text-editor.default\">\n\t\t\t\t<div class=\"elementor-widget-container\">\n\t\t\t\t\t\t\t\t\t<h2><strong>An Ciorcal C\u00f3mhra<\/strong><\/h2><p><strong>Ciorcal Comhr\u00e1 in \u00c1ras Inis Gluaire<\/strong><\/p><p>Beidh \u2018An Ciorcal Comhr\u00e1\u2019 ag tos\u00fa arais ar\u00ed in \u00c1ras Inis Gluaire<\/p><p>D\u00e9ardaoin 7\u00fa, \u00a0Me\u00e1n F\u00f3mhair 2023 ag 1 i.n. go 2 i.n. agus<\/p><p>gach D\u00e9ardaoin ina dhiaidh sin.\u00a0<\/p><p>\u00a0Beidh f\u00e1ilte roimh gach duine<\/p><p>is cuma c\u00e9n chaighde\u00e1n Gaeilge labhartha at\u00e1 agat.<\/p><p>Tar isteach agus glac p\u00e1irt sa \u2018Chiorcal Chomhr\u00e1\u2019\u00a0 \u00a0 \u00a0<\/p><p>\u00a0Tuilleadh eolais:\u00a0 Catherine 097 81079 n\u00f3 info@arasinisgluaire.ie\u00a0<\/p><p>\u00a0<\/p><p>\u00a0<\/p>\t\t\t\t\t\t\t\t<\/div>\n\t\t\t\t<\/div>\n\t\t\t\t\t<\/div>\n\t\t<\/div>\n\t\t\t\t<div class=\"elementor-column elementor-col-50 elementor-top-column elementor-element elementor-element-73a9942\" data-id=\"73a9942\" data-element_type=\"column\" data-e-type=\"column\" data-settings=\"{&quot;background_background&quot;:&quot;classic&quot;}\">\n\t\t\t<div class=\"elementor-widget-wrap elementor-element-populated\">\n\t\t\t\t\t\t<div class=\"elementor-element elementor-element-b3c6fc0 elementor-widget elementor-widget-text-editor\" data-id=\"b3c6fc0\" data-element_type=\"widget\" data-e-type=\"widget\" data-widget_type=\"text-editor.default\">\n\t\t\t\t<div class=\"elementor-widget-container\">\n\t\t\t\t\t\t\t\t\t<p><strong>RANGANNA CEOIL<\/strong><\/p>\n<p>Ranganna Ceoil ar si\u00fal tr\u00e1thn\u00f3na D\u00e9 C\u00e9adaoin in \u00c1ras Inis Gluaire<\/p>\n<ul>\n<li>Giot\u00e1r<\/li>\n<li>Bosca Ceoil<\/li>\n<li>M\u00e9archl\u00e1r<\/li>\n<li>Fidil<\/li>\n<li>Concairt\u00edn<\/li>\n<\/ul>\n<p>Music Classes &nbsp;on Wednesday evenings at \u00c1ras Inis Gluaire<\/p>\n<p>Classes in the following:<\/p>\n<ul>\n<li>Guitar<\/li>\n<li>Accordion<\/li>\n<li>Keyboard<\/li>\n<li>Fiddle<\/li>\n<li>Concertina<\/li>\n<\/ul>\t\t\t\t\t\t\t\t<\/div>\n\t\t\t\t<\/div>\n\t\t\t\t\t<\/div>\n\t\t<\/div>\n\t\t\t\t\t<\/div>\n\t\t<\/section>\n\t\t\t\t<section class=\"elementor-section elementor-top-section elementor-element elementor-element-3f410f6 elementor-section-boxed elementor-section-height-default elementor-section-height-default\" data-id=\"3f410f6\" data-element_type=\"section\" data-e-type=\"section\">\n\t\t\t\t\t\t<div class=\"elementor-container elementor-column-gap-default\">\n\t\t\t\t\t<div class=\"elementor-column elementor-col-50 elementor-top-column elementor-element elementor-element-cd515c2\" data-id=\"cd515c2\" data-element_type=\"column\" data-e-type=\"column\" data-settings=\"{&quot;background_background&quot;:&quot;classic&quot;}\">\n\t\t\t<div class=\"elementor-widget-wrap elementor-element-populated\">\n\t\t\t\t\t\t<div class=\"elementor-element elementor-element-ceea238 elementor-widget elementor-widget-text-editor\" data-id=\"ceea238\" data-element_type=\"widget\" data-e-type=\"widget\" data-widget_type=\"text-editor.default\">\n\t\t\t\t<div class=\"elementor-widget-container\">\n\t\t\t\t\t\t\t\t\t<h2>Eala\u00edn\u00a0<\/h2><p>Ranganna Eala\u00edne ar si\u00fal gach Luan san iarn\u00f3in.<\/p><p>M\u00e1 t\u00e1 suim agat sna ranganna seo cuir glaoch ar 097 81079 chun clar\u00fa<\/p><p>Art in the Afternoon every Monday\u00a0 \u2013 call 097 81079 to register<\/p><h2><strong>Yoga<\/strong><\/h2><p>Yoga le Dan\u00a0 in \u00c1ras Inis Gluaire ar D\u00e9 Luain, D\u00e9 M\u00e1irt agus D\u00e9ardaoin<\/p><p>Yoga with Dan in \u00c1ras Inis Gluaire on Monday, Tuesday and Thursday.<\/p><p>F\u00f3n:\u00a0 \u00a0089 4937983<\/p>\t\t\t\t\t\t\t\t<\/div>\n\t\t\t\t<\/div>\n\t\t\t\t\t<\/div>\n\t\t<\/div>\n\t\t\t\t<div class=\"elementor-column elementor-col-50 elementor-top-column elementor-element elementor-element-0c261c7\" data-id=\"0c261c7\" data-element_type=\"column\" data-e-type=\"column\">\n\t\t\t<div class=\"elementor-widget-wrap elementor-element-populated\">\n\t\t\t\t\t\t<div class=\"elementor-element elementor-element-1c94d5b elementor-widget elementor-widget-text-editor\" data-id=\"1c94d5b\" data-element_type=\"widget\" data-e-type=\"widget\" data-widget_type=\"text-editor.default\">\n\t\t\t\t<div class=\"elementor-widget-container\">\n\t\t\t\t\t\t\t\t\t<h3><strong>DAMHSA<\/strong><\/h3><p>Bailey Scariff School of Irish Dance for children every Wednesday 4pm \u2013 6pm Call Angela Reilly on 087-9208422<\/p><h2><strong>Pilates<\/strong><\/h2><div><strong>Pilates with Christina Reilly on Tuesdays and Thursday<\/strong><br \/><strong>F\u00f3n:\u00a0 \u00a0085 75463<\/strong><\/div>\t\t\t\t\t\t\t\t<\/div>\n\t\t\t\t<\/div>\n\t\t\t\t\t<\/div>\n\t\t<\/div>\n\t\t\t\t\t<\/div>\n\t\t<\/section>\n\t\t\t\t<section class=\"elementor-section elementor-top-section elementor-element elementor-element-aa72f07 elementor-section-boxed elementor-section-height-default elementor-section-height-default\" data-id=\"aa72f07\" data-element_type=\"section\" data-e-type=\"section\">\n\t\t\t\t\t\t<div class=\"elementor-container elementor-column-gap-default\">\n\t\t\t\t\t<div class=\"elementor-column elementor-col-100 elementor-top-column elementor-element elementor-element-f06f7fc\" data-id=\"f06f7fc\" data-element_type=\"column\" data-e-type=\"column\">\n\t\t\t<div class=\"elementor-widget-wrap elementor-element-populated\">\n\t\t\t\t\t\t<div class=\"elementor-element elementor-element-0c50b61 elementor-widget elementor-widget-spacer\" data-id=\"0c50b61\" data-element_type=\"widget\" data-e-type=\"widget\" data-widget_type=\"spacer.default\">\n\t\t\t\t<div class=\"elementor-widget-container\">\n\t\t\t\t\t\t\t<div class=\"elementor-spacer\">\n\t\t\t<div class=\"elementor-spacer-inner\"><\/div>\n\t\t<\/div>\n\t\t\t\t\t\t<\/div>\n\t\t\t\t<\/div>\n\t\t\t\t\t<\/div>\n\t\t<\/div>\n\t\t\t\t\t<\/div>\n\t\t<\/section>\n\t\t\t\t<\/div>\n\t\t","protected":false},"excerpt":{"rendered":"<div class=\"tmnf_excerpt clearfix\"><p>Ranganna &amp; Ceardlanna \/ Classes &amp; Workshops An Ciorcal C\u00f3mhra Ciorcal Comhr\u00e1 in \u00c1ras Inis Gluaire Beidh \u2018An Ciorcal Comhr\u00e1\u2019 ag tos\u00fa arais ar\u00ed in \u00c1ras Inis Gluaire D\u00e9ardaoin 7\u00fa, \u00a0Me\u00e1n F\u00f3mhair 2023 ag 1 i.n. go 2 i.n. agus gach D\u00e9ardaoin ina dhiaidh sin. Beidh f\u00e1ilte roimh gach duine is cuma c\u00e9n chaighde\u00e1n Gaeilge &hellip;<\/p>\n<\/div>","protected":false},"author":1,"featured_media":0,"parent":0,"menu_order":0,"comment_status":"closed","ping_status":"closed","template":"homepage.php","meta":{"footnotes":""},"class_list":["post-7564","page","type-page","status-publish","hentry"],"publishpress_future_action":{"enabled":false,"date":"2026-04-25 09:07:14","action":"change-status","newStatus":"draft","terms":[],"taxonomy":"","extraData":[]},"publishpress_future_workflow_manual_trigger":{"enabledWorkflows":[]},"_links":{"self":[{"href":"https:\/\/arasinisgluaire.ie\/main\/wp-json\/wp\/v2\/pages\/7564","targetHints":{"allow":["GET"]}}],"collection":[{"href":"https:\/\/arasinisgluaire.ie\/main\/wp-json\/wp\/v2\/pages"}],"about":[{"href":"https:\/\/arasinisgluaire.ie\/main\/wp-json\/wp\/v2\/types\/page"}],"author":[{"embeddable":true,"href":"https:\/\/arasinisgluaire.ie\/main\/wp-json\/wp\/v2\/users\/1"}],"replies":[{"embeddable":true,"href":"https:\/\/arasinisgluaire.ie\/main\/wp-json\/wp\/v2\/comments?post=7564"}],"version-history":[{"count":52,"href":"https:\/\/arasinisgluaire.ie\/main\/wp-json\/wp\/v2\/pages\/7564\/revisions"}],"predecessor-version":[{"id":8540,"href":"https:\/\/arasinisgluaire.ie\/main\/wp-json\/wp\/v2\/pages\/7564\/revisions\/8540"}],"wp:attachment":[{"href":"https:\/\/arasinisgluaire.ie\/main\/wp-json\/wp\/v2\/media?parent=7564"}],"curies":[{"name":"wp","href":"https:\/\/api.w.org\/{rel}","templated":true}]}}