{"id":8661,"date":"2023-11-23T10:42:33","date_gmt":"2023-11-23T10:42:33","guid":{"rendered":"https:\/\/arasinisgluaire.ie\/main\/?page_id=8661"},"modified":"2026-04-15T15:41:36","modified_gmt":"2026-04-15T15:41:36","slug":"nuacht-news","status":"publish","type":"page","link":"https:\/\/arasinisgluaire.ie\/main\/nuacht-news\/","title":{"rendered":"Nuacht \/ News"},"content":{"rendered":"\t\t<div data-elementor-type=\"wp-post\" data-elementor-id=\"8661\" class=\"elementor elementor-8661\">\n\t\t\t\t\t\t<section class=\"elementor-section elementor-top-section elementor-element elementor-element-21c1263e elementor-section-boxed elementor-section-height-default elementor-section-height-default\" data-id=\"21c1263e\" data-element_type=\"section\" data-e-type=\"section\" data-settings=\"{&quot;background_background&quot;:&quot;classic&quot;}\">\n\t\t\t\t\t\t\t<div class=\"elementor-background-overlay\"><\/div>\n\t\t\t\t\t\t\t<div class=\"elementor-container elementor-column-gap-wide\">\n\t\t\t\t\t<div class=\"elementor-column elementor-col-100 elementor-top-column elementor-element elementor-element-1c8c0e46\" data-id=\"1c8c0e46\" data-element_type=\"column\" data-e-type=\"column\">\n\t\t\t<div class=\"elementor-widget-wrap elementor-element-populated\">\n\t\t\t\t\t\t<div class=\"elementor-element elementor-element-7a564f9b elementor-widget elementor-widget-heading\" data-id=\"7a564f9b\" data-element_type=\"widget\" data-e-type=\"widget\" data-widget_type=\"heading.default\">\n\t\t\t\t<div class=\"elementor-widget-container\">\n\t\t\t\t\t<h1 class=\"elementor-heading-title elementor-size-xxl\">Cl\u00e1r Imeachta\u00ed  <\/h1>\t\t\t\t<\/div>\n\t\t\t\t<\/div>\n\t\t\t\t<section class=\"elementor-section elementor-inner-section elementor-element elementor-element-3b737b3a elementor-section-boxed elementor-section-height-default elementor-section-height-default\" data-id=\"3b737b3a\" data-element_type=\"section\" data-e-type=\"section\">\n\t\t\t\t\t\t<div class=\"elementor-container elementor-column-gap-no\">\n\t\t\t\t\t<div class=\"elementor-column elementor-col-50 elementor-inner-column elementor-element elementor-element-59fec99f\" data-id=\"59fec99f\" data-element_type=\"column\" data-e-type=\"column\">\n\t\t\t<div class=\"elementor-widget-wrap elementor-element-populated\">\n\t\t\t\t\t\t<div class=\"elementor-element elementor-element-282fcd4e elementor-widget elementor-widget-heading\" data-id=\"282fcd4e\" data-element_type=\"widget\" data-e-type=\"widget\" data-widget_type=\"heading.default\">\n\t\t\t\t<div class=\"elementor-widget-container\">\n\t\t\t\t\t<h2 class=\"elementor-heading-title elementor-size-default\">Programme of  Events<br>\n\n<\/h2>\t\t\t\t<\/div>\n\t\t\t\t<\/div>\n\t\t\t\t\t<\/div>\n\t\t<\/div>\n\t\t\t\t<div class=\"elementor-column elementor-col-50 elementor-inner-column elementor-element elementor-element-1803d399\" data-id=\"1803d399\" data-element_type=\"column\" data-e-type=\"column\">\n\t\t\t<div class=\"elementor-widget-wrap\">\n\t\t\t\t\t\t\t<\/div>\n\t\t<\/div>\n\t\t\t\t\t<\/div>\n\t\t<\/section>\n\t\t\t\t\t<\/div>\n\t\t<\/div>\n\t\t\t\t\t<\/div>\n\t\t<\/section>\n\t\t\t\t<section class=\"elementor-section elementor-top-section elementor-element elementor-element-5603bbc9 elementor-section-boxed elementor-section-height-default elementor-section-height-default\" data-id=\"5603bbc9\" data-element_type=\"section\" data-e-type=\"section\">\n\t\t\t\t\t\t\t<div class=\"elementor-background-overlay\"><\/div>\n\t\t\t\t\t\t\t<div class=\"elementor-container elementor-column-gap-no\">\n\t\t\t\t\t<div class=\"elementor-column elementor-col-100 elementor-top-column elementor-element elementor-element-6c010fe9\" data-id=\"6c010fe9\" data-element_type=\"column\" data-e-type=\"column\">\n\t\t\t<div class=\"elementor-widget-wrap elementor-element-populated\">\n\t\t\t\t\t\t<div class=\"elementor-element elementor-element-d09870e elementor-widget elementor-widget-spacer\" data-id=\"d09870e\" data-element_type=\"widget\" data-e-type=\"widget\" data-widget_type=\"spacer.default\">\n\t\t\t\t<div class=\"elementor-widget-container\">\n\t\t\t\t\t\t\t<div class=\"elementor-spacer\">\n\t\t\t<div class=\"elementor-spacer-inner\"><\/div>\n\t\t<\/div>\n\t\t\t\t\t\t<\/div>\n\t\t\t\t<\/div>\n\t\t\t\t<div class=\"elementor-element elementor-element-89caedd elementor-widget elementor-widget-spacer\" data-id=\"89caedd\" data-element_type=\"widget\" data-e-type=\"widget\" data-widget_type=\"spacer.default\">\n\t\t\t\t<div class=\"elementor-widget-container\">\n\t\t\t\t\t\t\t<div class=\"elementor-spacer\">\n\t\t\t<div class=\"elementor-spacer-inner\"><\/div>\n\t\t<\/div>\n\t\t\t\t\t\t<\/div>\n\t\t\t\t<\/div>\n\t\t\t\t\t<\/div>\n\t\t<\/div>\n\t\t\t\t\t<\/div>\n\t\t<\/section>\n\t\t\t\t<section class=\"elementor-section elementor-top-section elementor-element elementor-element-104480ac elementor-section-boxed elementor-section-height-default elementor-section-height-default\" data-id=\"104480ac\" data-element_type=\"section\" data-e-type=\"section\">\n\t\t\t\t\t\t\t<div class=\"elementor-background-overlay\"><\/div>\n\t\t\t\t\t\t\t<div class=\"elementor-container elementor-column-gap-no\">\n\t\t\t\t\t<div class=\"elementor-column elementor-col-100 elementor-top-column elementor-element elementor-element-1c6b709f\" data-id=\"1c6b709f\" data-element_type=\"column\" data-e-type=\"column\">\n\t\t\t<div class=\"elementor-widget-wrap elementor-element-populated\">\n\t\t\t\t\t\t<div class=\"elementor-element elementor-element-c2a59e5 elementor-widget elementor-widget-spacer\" data-id=\"c2a59e5\" data-element_type=\"widget\" data-e-type=\"widget\" data-widget_type=\"spacer.default\">\n\t\t\t\t<div class=\"elementor-widget-container\">\n\t\t\t\t\t\t\t<div class=\"elementor-spacer\">\n\t\t\t<div class=\"elementor-spacer-inner\"><\/div>\n\t\t<\/div>\n\t\t\t\t\t\t<\/div>\n\t\t\t\t<\/div>\n\t\t\t\t<div class=\"elementor-element elementor-element-6a05528 elementor-widget elementor-widget-upk-alex-grid\" data-id=\"6a05528\" data-element_type=\"widget\" data-e-type=\"widget\" data-settings=\"{&quot;upk_in_animation_show&quot;:&quot;yes&quot;}\" data-widget_type=\"upk-alex-grid.default\">\n\t\t\t\t<div class=\"elementor-widget-container\">\n\t\t\t\t\t\n\t\t<div class=\"upk-alex-grid upk-ajax-grid\" data-loadmore=\"[]\">\n\t\t\t<div class=\"upk-alex-wrap upk-ajax-grid-wrap upk-content-right upk-style-2 upk-in-animation\" data-in-animation-delay=\"\">\n\n\t\t\t\t\n\t\t\t\t\t\t\t<div class=\"upk-item\">\n\t\t\t<div class=\"upk-image-wrap\">\n\t\t\t\t<img fetchpriority=\"high\" decoding=\"async\" width=\"212\" height=\"300\" src=\"https:\/\/arasinisgluaire.ie\/main\/wp-content\/uploads\/2026\/01\/We-have-him-Back-POSTER.jpg-post-212x300.jpg\" class=\"upk-img\" alt=\"&#8216;We Have Him Back&#8217;  by Brian Mac Suibhne\" srcset=\"https:\/\/arasinisgluaire.ie\/main\/wp-content\/uploads\/2026\/01\/We-have-him-Back-POSTER.jpg-post-212x300.jpg 212w, https:\/\/arasinisgluaire.ie\/main\/wp-content\/uploads\/2026\/01\/We-have-him-Back-POSTER.jpg-post-458x648.jpg 458w, https:\/\/arasinisgluaire.ie\/main\/wp-content\/uploads\/2026\/01\/We-have-him-Back-POSTER.jpg-post.jpg 500w\" sizes=\"(max-width: 212px) 100vw, 212px\" \/>\n\t\t\t\t\t\t\n\t\n\t\t\t\t\n\t\t\t\t<div class=\"upk-content-wrap\">\n\n\t\t\t\t\t<div class=\"upk-content\">\n\t\t\t\t\t\t\t\t\t\t\t\t<h3 class=\"upk-title\"><a href=\"https:\/\/arasinisgluaire.ie\/main\/we-have-him-back\/\" title=\"&#8216;We Have Him Back&#8217;  by Brian Mac Suibhne\" class=\"title-animation-\" aria-label=\"&#8216;We Have Him Back&#8217;  by Brian Mac Suibhne\">&#8216;We Have Him Back&#8217;  by Brian Mac Suibhne<\/a><\/h3>\t\t\t\t\t<\/div>\n\n\t\t\t\t\t\t\t<div class=\"upk-button-wrap\">\n\t\t\t<a \n\t\t\t\thref=\"https:\/\/arasinisgluaire.ie\/main\/we-have-him-back\/\" \n\t\t\t\tclass=\"upk-readmore\" \n\t\t\t\taria-label=\"Read More Button\"\n\t\t\t>\n\t\t\t\t<span class=\"upk-readmore-icon\"><span><\/span><\/span>\n\t\t\t<\/a>\n\t\t<\/div>\n\t\n\t\t\t\t<\/div>\n\t\t\t<\/div>\n\t\t<\/div>\n\t\n\t\t\t\t\n\t\t\t\t\t\t\t<div class=\"upk-item\">\n\t\t\t<div class=\"upk-image-wrap\">\n\t\t\t\t<img decoding=\"async\" width=\"212\" height=\"300\" src=\"https:\/\/arasinisgluaire.ie\/main\/wp-content\/uploads\/2025\/12\/Bernard-Casey-Comedy-Show-Website-212x300.png\" class=\"upk-img\" alt=\"Bernard Casey-Comedy Show\" srcset=\"https:\/\/arasinisgluaire.ie\/main\/wp-content\/uploads\/2025\/12\/Bernard-Casey-Comedy-Show-Website-212x300.png 212w, https:\/\/arasinisgluaire.ie\/main\/wp-content\/uploads\/2025\/12\/Bernard-Casey-Comedy-Show-Website-458x648.png 458w, https:\/\/arasinisgluaire.ie\/main\/wp-content\/uploads\/2025\/12\/Bernard-Casey-Comedy-Show-Website.png 500w\" sizes=\"(max-width: 212px) 100vw, 212px\" \/>\n\t\t\t\t\t\t\n\t\n\t\t\t\t\n\t\t\t\t<div class=\"upk-content-wrap\">\n\n\t\t\t\t\t<div class=\"upk-content\">\n\t\t\t\t\t\t\t\t\t\t\t\t<h3 class=\"upk-title\"><a href=\"https:\/\/arasinisgluaire.ie\/main\/3-hail-marys\/\" title=\"Bernard Casey-Comedy Show\" class=\"title-animation-\" aria-label=\"Bernard Casey-Comedy Show\">Bernard Casey-Comedy Show<\/a><\/h3>\t\t\t\t\t<\/div>\n\n\t\t\t\t\t\t\t<div class=\"upk-button-wrap\">\n\t\t\t<a \n\t\t\t\thref=\"https:\/\/arasinisgluaire.ie\/main\/3-hail-marys\/\" \n\t\t\t\tclass=\"upk-readmore\" \n\t\t\t\taria-label=\"Read More Button\"\n\t\t\t>\n\t\t\t\t<span class=\"upk-readmore-icon\"><span><\/span><\/span>\n\t\t\t<\/a>\n\t\t<\/div>\n\t\n\t\t\t\t<\/div>\n\t\t\t<\/div>\n\t\t<\/div>\n\t\n\t\t\t\t\n\t\t\t\t\t\t\t<div class=\"upk-item\">\n\t\t\t<div class=\"upk-image-wrap\">\n\t\t\t\t<img decoding=\"async\" width=\"212\" height=\"300\" src=\"https:\/\/arasinisgluaire.ie\/main\/wp-content\/uploads\/2025\/12\/Hamnet-Post-212x300.png\" class=\"upk-img\" alt=\"Club Scann\u00e1na\u00edochta Iorras showing Hamnet\" srcset=\"https:\/\/arasinisgluaire.ie\/main\/wp-content\/uploads\/2025\/12\/Hamnet-Post-212x300.png 212w, https:\/\/arasinisgluaire.ie\/main\/wp-content\/uploads\/2025\/12\/Hamnet-Post-458x648.png 458w, https:\/\/arasinisgluaire.ie\/main\/wp-content\/uploads\/2025\/12\/Hamnet-Post.png 500w\" sizes=\"(max-width: 212px) 100vw, 212px\" \/>\n\t\t\t\t\t\t\n\t\n\t\t\t\t\n\t\t\t\t<div class=\"upk-content-wrap\">\n\n\t\t\t\t\t<div class=\"upk-content\">\n\t\t\t\t\t\t\t\t\t\t\t\t<h3 class=\"upk-title\"><a href=\"https:\/\/arasinisgluaire.ie\/main\/hamnet\/\" title=\"Club Scann\u00e1na\u00edochta Iorras showing Hamnet\" class=\"title-animation-\" aria-label=\"Club Scann\u00e1na\u00edochta Iorras showing Hamnet\">Club Scann\u00e1na\u00edochta Iorras showing Hamnet<\/a><\/h3>\t\t\t\t\t<\/div>\n\n\t\t\t\t\t\t\t<div class=\"upk-button-wrap\">\n\t\t\t<a \n\t\t\t\thref=\"https:\/\/arasinisgluaire.ie\/main\/hamnet\/\" \n\t\t\t\tclass=\"upk-readmore\" \n\t\t\t\taria-label=\"Read More Button\"\n\t\t\t>\n\t\t\t\t<span class=\"upk-readmore-icon\"><span><\/span><\/span>\n\t\t\t<\/a>\n\t\t<\/div>\n\t\n\t\t\t\t<\/div>\n\t\t\t<\/div>\n\t\t<\/div>\n\t\n\t\t\t\t\n\t\t\t\t\t\t\t<div class=\"upk-item\">\n\t\t\t<div class=\"upk-image-wrap\">\n\t\t\t\t<img loading=\"lazy\" decoding=\"async\" width=\"212\" height=\"300\" src=\"https:\/\/arasinisgluaire.ie\/main\/wp-content\/uploads\/2025\/12\/Roots-and-Wings-exibition.png-POSTER-212x300.png\" class=\"upk-img\" alt=\"&#8216;Roots and Wings&#8217; A Celebration of Mother Nature\" srcset=\"https:\/\/arasinisgluaire.ie\/main\/wp-content\/uploads\/2025\/12\/Roots-and-Wings-exibition.png-POSTER-212x300.png 212w, https:\/\/arasinisgluaire.ie\/main\/wp-content\/uploads\/2025\/12\/Roots-and-Wings-exibition.png-POSTER-458x648.png 458w, https:\/\/arasinisgluaire.ie\/main\/wp-content\/uploads\/2025\/12\/Roots-and-Wings-exibition.png-POSTER.png 500w\" sizes=\"(max-width: 212px) 100vw, 212px\" \/>\n\t\t\t\t\t\t\n\t\n\t\t\t\t\n\t\t\t\t<div class=\"upk-content-wrap\">\n\n\t\t\t\t\t<div class=\"upk-content\">\n\t\t\t\t\t\t\t\t\t\t\t\t<h3 class=\"upk-title\"><a href=\"https:\/\/arasinisgluaire.ie\/main\/roots-and-wings-a-celebration-of-mother-nature\/\" title=\"&#8216;Roots and Wings&#8217; A Celebration of Mother Nature\" class=\"title-animation-\" aria-label=\"&#8216;Roots and Wings&#8217; A Celebration of Mother Nature\">&#8216;Roots and Wings&#8217; A Celebration of Mother Nature<\/a><\/h3>\t\t\t\t\t<\/div>\n\n\t\t\t\t\t\t\t<div class=\"upk-button-wrap\">\n\t\t\t<a \n\t\t\t\thref=\"https:\/\/arasinisgluaire.ie\/main\/roots-and-wings-a-celebration-of-mother-nature\/\" \n\t\t\t\tclass=\"upk-readmore\" \n\t\t\t\taria-label=\"Read More Button\"\n\t\t\t>\n\t\t\t\t<span class=\"upk-readmore-icon\"><span><\/span><\/span>\n\t\t\t<\/a>\n\t\t<\/div>\n\t\n\t\t\t\t<\/div>\n\t\t\t<\/div>\n\t\t<\/div>\n\t\n\t\t\t\t\n\t\t\t<\/div>\n\t\t<\/div>\n\n\t\t\t\t\t\t<\/div>\n\t\t\t\t<\/div>\n\t\t\t\t<div class=\"elementor-element elementor-element-42bb2476 elementor-widget elementor-widget-spacer\" data-id=\"42bb2476\" data-element_type=\"widget\" data-e-type=\"widget\" data-widget_type=\"spacer.default\">\n\t\t\t\t<div class=\"elementor-widget-container\">\n\t\t\t\t\t\t\t<div class=\"elementor-spacer\">\n\t\t\t<div class=\"elementor-spacer-inner\"><\/div>\n\t\t<\/div>\n\t\t\t\t\t\t<\/div>\n\t\t\t\t<\/div>\n\t\t\t\t\t<\/div>\n\t\t<\/div>\n\t\t\t\t\t<\/div>\n\t\t<\/section>\n\t\t\t\t<\/div>\n\t\t","protected":false},"excerpt":{"rendered":"<div class=\"tmnf_excerpt clearfix\"><p>Cl\u00e1r Imeachta\u00ed Programme of Events &#8216;We Have Him Back&#8217; by Brian Mac Suibhne Bernard Casey-Comedy Show Club Scann\u00e1na\u00edochta Iorras showing Hamnet &#8216;Roots and Wings&#8217; A Celebration of Mother Nature<\/p>\n<\/div>","protected":false},"author":1,"featured_media":0,"parent":0,"menu_order":0,"comment_status":"closed","ping_status":"closed","template":"homepage.php","meta":{"footnotes":""},"class_list":["post-8661","page","type-page","status-publish","hentry"],"publishpress_future_action":{"enabled":false,"date":"2026-04-24 10:01:20","action":"change-status","newStatus":"draft","terms":[],"taxonomy":"","extraData":[]},"publishpress_future_workflow_manual_trigger":{"enabledWorkflows":[]},"_links":{"self":[{"href":"https:\/\/arasinisgluaire.ie\/main\/wp-json\/wp\/v2\/pages\/8661","targetHints":{"allow":["GET"]}}],"collection":[{"href":"https:\/\/arasinisgluaire.ie\/main\/wp-json\/wp\/v2\/pages"}],"about":[{"href":"https:\/\/arasinisgluaire.ie\/main\/wp-json\/wp\/v2\/types\/page"}],"author":[{"embeddable":true,"href":"https:\/\/arasinisgluaire.ie\/main\/wp-json\/wp\/v2\/users\/1"}],"replies":[{"embeddable":true,"href":"https:\/\/arasinisgluaire.ie\/main\/wp-json\/wp\/v2\/comments?post=8661"}],"version-history":[{"count":61,"href":"https:\/\/arasinisgluaire.ie\/main\/wp-json\/wp\/v2\/pages\/8661\/revisions"}],"predecessor-version":[{"id":10104,"href":"https:\/\/arasinisgluaire.ie\/main\/wp-json\/wp\/v2\/pages\/8661\/revisions\/10104"}],"wp:attachment":[{"href":"https:\/\/arasinisgluaire.ie\/main\/wp-json\/wp\/v2\/media?parent=8661"}],"curies":[{"name":"wp","href":"https:\/\/api.w.org\/{rel}","templated":true}]}}